{"id":126,"date":"2017-03-21T13:03:20","date_gmt":"2017-03-21T13:03:20","guid":{"rendered":"https:\/\/mctague.at\/about-me\/"},"modified":"2023-09-01T07:26:59","modified_gmt":"2023-09-01T07:26:59","slug":"ueber-mich","status":"publish","type":"page","link":"https:\/\/mctague.at\/en\/ueber-mich\/","title":{"rendered":"About"},"content":{"rendered":"<p><span class=\"ng-directive ng-binding\">In 2005 I graduated from Georgian Court University (USA) and received my \"Bachelor in Fine Arts\". Since then I have been working as a graphic artist. After more than 13 years of professional experience in various companies, I started my own small business in 2017. Studying fine arts taught me attention and observation, but above all a sense for design, composition, harmony and shape. Graphic design is a form of art and art is always subjective. It requires courage to communicate, open-mindedness to receive feedback and perseverance to make a difference. These experiences have also shaped my approach at a personal level.<br \/>\n<\/span><\/p>\n<h3 class=\"paragraph ng-attr-widget\">Why choose me for your project?<\/h3>\n<p class=\"paragraph ng-attr-widget\">Because you get customised design solutions and products that reflect your ideas and deliver the message to your target group. With an international client base that spans multiple industries, I'm constantly learning and keeping my finger on the pulse. <span class=\"ng-directive ng-binding\">As a graphic artist, I consider myself a mediator of ideas and concepts in visual form. I place great emphasis on unconventionally extracting the essence of the content to be communicated. That way, I add form and colour to the information conveyed in your message and give your ideas a distinctive, unmistakable expression.<\/span><\/p>\n<p class=\"paragraph ng-attr-widget\">It is up to you to decide whether I am the right creative partner for you. I look forward to your <a href=\"https:\/\/mctague.at\/en\/contact-me\/\" target=\"_blank\" rel=\"noopener\">message<\/a>.<\/p>\n<p>&nbsp;<\/p>\n\r\n\t<div class=\"IconText\">\r\n\r\n\t\r\n\t\t<div class=\"icon-text-item\">\r\n\t\t\t<i class=\"icon-trophy\"><\/i>\r\n\t\t\t<span>Bachelor in Fine Arts<\/span>\r\n\t\t<\/div>\r\n\r\n\t\r\n\t\t<div class=\"icon-text-item\">\r\n\t\t\t<i class=\"icon-edit\"><\/i>\r\n\t\t\t<span>Graphic Artist<\/span>\r\n\t\t<\/div>\r\n\r\n\t\r\n\t\t<div class=\"icon-text-item\">\r\n\t\t\t<i class=\"icon-gears\"><\/i>\r\n\t\t\t<span>Creative Studio<\/span>\r\n\t\t<\/div>\r\n\r\n\t\r\n\t\t<div class=\"icon-text-item\">\r\n\t\t\t<i class=\"icon-pricetags\"><\/i>\r\n\t\t\t<span>German\/English<\/span>\r\n\t\t<\/div>\r\n\r\n\t\r\n\t<\/div><!-- end IconText -->","protected":false},"excerpt":{"rendered":"<p>2005 absolvierte ich mein Studium an der Georgian Court University (USA) und erhielt meinen \u00abBachelor in Fine Arts\u00bb. Seitdem bin ich als Grafikerin t\u00e4tig. Nach \u00fcber 13 Jahren beruflicher Erfahrung in verschiedenen Unternehmen gr\u00fcndete ich 2017 mein kleines Kreativstudio. Das Studium der bildenden K\u00fcnste lehrte mich neben Aufmerksamkeit und Beobachtung vor allem ein Gesp\u00fcr f\u00fcr&#8230;<\/p>","protected":false},"author":1,"featured_media":0,"parent":0,"menu_order":4,"comment_status":"closed","ping_status":"closed","template":"template-background-segments.php","meta":[],"_links":{"self":[{"href":"https:\/\/mctague.at\/en\/wp-json\/wp\/v2\/pages\/126"}],"collection":[{"href":"https:\/\/mctague.at\/en\/wp-json\/wp\/v2\/pages"}],"about":[{"href":"https:\/\/mctague.at\/en\/wp-json\/wp\/v2\/types\/page"}],"author":[{"embeddable":true,"href":"https:\/\/mctague.at\/en\/wp-json\/wp\/v2\/users\/1"}],"replies":[{"embeddable":true,"href":"https:\/\/mctague.at\/en\/wp-json\/wp\/v2\/comments?post=126"}],"version-history":[{"count":25,"href":"https:\/\/mctague.at\/en\/wp-json\/wp\/v2\/pages\/126\/revisions"}],"predecessor-version":[{"id":1068,"href":"https:\/\/mctague.at\/en\/wp-json\/wp\/v2\/pages\/126\/revisions\/1068"}],"wp:attachment":[{"href":"https:\/\/mctague.at\/en\/wp-json\/wp\/v2\/media?parent=126"}],"curies":[{"name":"wp","href":"https:\/\/api.w.org\/{rel}","templated":true}]}}