{"id":959,"date":"2023-08-04T07:01:13","date_gmt":"2023-08-04T07:01:13","guid":{"rendered":"https:\/\/mctague.at\/?page_id=959"},"modified":"2023-09-19T07:51:14","modified_gmt":"2023-09-19T07:51:14","slug":"datenschutzerklaerung","status":"publish","type":"page","link":"https:\/\/mctague.at\/de\/datenschutzerklaerung\/","title":{"rendered":"Datenschutzerkl\u00e4rung"},"content":{"rendered":"\n<p>Der Schutz Ihrer pers\u00f6nlichen Daten ist mir ein besonderes Anliegen. Ich verarbeiten Ihre Daten daher ausschlie\u00dflich auf Grundlage der gesetzlichen Bestimmungen (DSGVO, TKG 2003). In dieser Datenschutzerkl\u00e4rung informiere ich Sie \u00fcber die wichtigsten Aspekte der Datenverarbeitung im Rahmen meiner Website.<\/p>\n\n\n\n<h4 class=\"wp-block-heading\">Kontakt mit mir<\/h4>\n\n\n\n<p>Wenn Sie per Formular auf der Website oder per E-Mail Kontakt mit mir aufnehmen, werden Ihre angegebenen Daten zwecks Bearbeitung der Anfrage und f\u00fcr den Fall von Anschlu\u00dffragen sechs Monate bei mir gespeichert. Diese Daten gebe ich nicht ohne Ihre Einwilligung weiter.<\/p>\n\n\n\n<p>Die Adresse unserer Website ist: https:\/\/mctague.at.<\/p>\n\n\n\n<h4 class=\"wp-block-heading\">Erhebung und Verarbeitung Ihrer Daten<\/h4>\n\n\n\n<p>Sie k\u00f6nnen meine Website grunds\u00e4tzlich besuchen, ohne Angaben zu Ihrer Person zu machen. Wenn Sie bestimmte Funktionen meiner Website nutzen wollen, werden personenbezogene Daten erhoben. Im Falle eines Vertragsabschlusses erhebe und verarbeite ich die mir zur Verf\u00fcgung gestellten, personenbezogenen Daten in meinem System und nutze diese f\u00fcr die Dauer der Vertragsabwicklung, d.h. f\u00fcr die Auftragsabwicklung, sowie f\u00fcr Zwecke des Kundenservice, Abrechnung oder Werbezwecke. Personenbezogen sind alle Informationen, aufgrund deren eine Person direkt oder indirekt identifiziert werden kann z.B. Name, Adresse, E-Mail, Telefonnummer, Beruf, Kontoverbindung etc. Jede dar\u00fcber hinausgehende Erhebung, Verarbeitung und Nutzung der personenbezogenen Daten bedarf der Einwilligung des Kunden. Hiergegen steht dem Kunden ein Widerspruchsrecht zu, welches er mir gegen\u00fcber jederzeit durch Sendung einer E-Mail an office@mctague.at aus\u00fcben kann. Sie k\u00f6nnen mich jederzeit um die Berichtigung, L\u00f6schung und Sperrung Ihrer bei mir gespeicherten personenbezogenen Daten ersuchen. Bei Versand von Druckmedien gebe ich zum Zwecke und f\u00fcr die Dauer der Versendung der Ware die hierf\u00fcr erforderlichen personenbezogenen Daten an das von mir beauftragte Unternehmen weiter. Ich bin bem\u00fcht, geeignete Ma\u00dfnahmen zu ergreifen, um Ihre bei mir gespeicherten Daten zu sch\u00fctzen. Ich bin jedoch insbesondere nicht daf\u00fcr verantwortlich, sollte es jemandem gelingen, auf rechtswidrige Art und Weise an diese Daten heranzukommen und sie weiter zu verwenden. Der Anbieter haftet nicht f\u00fcr Sch\u00e4den, die aus dem Missbrauch der \u00fcbermittelten Daten entstehen (ausgenommen der Anbieter hat Vorsatz oder grobe Fahrl\u00e4ssigkeit zu verantworten). Die Geltendmachung Ihrerseits als Kunde oder Dritten gegen\u00fcber mir aus einem derartigen Zusammenhang wird einvernehmlich ausgeschlossen. Der Kunde erteilt hierzu seine Zustimmung, insbesondere zur Speicherung und Verarbeitung seiner personenbezogenen Daten.<\/p>\n\n\n\n<h4 class=\"wp-block-heading\">Logfiles und Cookies<\/h4>\n\n\n\n<p>Sie erkl\u00e4ren sich bei Benutzung von www.mctague.at damit einverstanden, dass auf Ihrem Endger\u00e4t Cookies gesetzt werden. Dabei handelt es sich um kleine Textdateien, die mit Hilfe des Browsers auf Ihrem Endger\u00e4t zum Online-Verhalten gespeichert werden. Sie richten keinen Schaden an. Ich nutze Cookies dazu, mein Angebot nutzerfreundlich zu gestalten. So werden zum Beispiel die Verweildauer, die Anzahl der aufgerufenen Seiten ermittelt. Wenn Sie dies nicht w\u00fcnschen, so k\u00f6nnen Sie Ihren Browser so einrichten, dass er Sie \u00fcber das Setzen von Cookies informiert und Sie dies nur im Einzelfall erlauben. Bei der Deaktivierung von Cookies kann die Funktionalit\u00e4t meiner Website eingeschr\u00e4nkt sein.<\/p>\n\n\n\n<h4 class=\"wp-block-heading\">Links zu externen Webseiten<\/h4>\n\n\n\n<p>Die McTague Werbegrafik &amp; Design Website und diese Datenschutzerkl\u00e4rung k\u00f6nnen Links zu externen Webseiten enthalten, auf deren Inhalte McTague Werbegrafik &amp; Design keinen Einfluss hat. Aus diesem Grund \u00fcbernimmt die McTague Werbegrafik &amp; Design keine Haftung f\u00fcr die Inhalte, die Art oder die Zuverl\u00e4ssigkeit dieser externen Websites. Die Platzierung von Links beinhaltet keine Unterst\u00fctzung oder Genehmigung der auf den jeweiligen Websites angebotenen Informationen oder Dienstleistungen. F\u00fcr die Inhalte der verlinkten Seiten ist ausschlie\u00dflich der jeweilige Anbieter oder Betreiber der Seiten verantwortlich.<\/p>\n\n\n\n<p>Beitr\u00e4ge auf dieser Website k\u00f6nnen eingebettete Inhalte beinhalten (z.&nbsp;B. Videos, Bilder, Beitr\u00e4ge etc.). Eingebettete Inhalte von anderen Webseiten verhalten sich exakt so, als ob der Besucher die andere Webseite besucht h\u00e4tte.<\/p>\n\n\n\n<h4 class=\"wp-block-heading\">Wie k\u00f6nnen Sie Informationen zu gespeicherten Daten erhalten?<\/h4>\n\n\n\n<p>Sie haben das Recht, unentgeltlich Auskunft \u00fcber Ihre bei mir gespeicherten personenbezogenen Daten zu verlangen. Sollten Ihre pers\u00f6nlichen Daten nicht korrekt sein oder aus unrichtigen Gr\u00fcnden gespeichert worden sein, werde ich diese gerne korrigieren, sperren oder l\u00f6schen. Hier bitte ich Sie, mir \u00c4nderungen Ihrer pers\u00f6nlichen Daten mitzuteilen.<br>Wenn Sie Informationen zu Ihren pers\u00f6nlichen Daten erhalten m\u00f6chten oder Fragen zum Datenschutz haben, schreiben Sie bitte an:<br>McTague Werbegrafik &amp; Design<br>Bettina McTague, BFA<br>Jagerberg 14, A-0891 Jagerberg, \u00d6sterreich<br>Tel.: +43 676 3477 655, office@mctague.at<\/p>\n\n\n\n<h4 class=\"wp-block-heading\">\u00c4nderungen dieser Datenschutzerkl\u00e4rung<\/h4>\n\n\n\n<p>Ich behalte mir das Recht vor, die Datenschutzerkl\u00e4rung bei Bedarf zu \u00e4ndern oder zu erg\u00e4nzen. Ich werde alle \u00c4nderungen \/ Erg\u00e4nzungen auf dieser Website ver\u00f6ffentlichen. Sie k\u00f6nnen sich bei Besuch meiner Webseite jederzeit \u00fcber den aktuellen Stand der Datenschutzerkl\u00e4rung informieren.<\/p>\n\n\n\n<h2 class=\"wp-block-heading\"><strong>HAFTUNGSAUSSCHLUSS<\/strong><\/h2>\n\n\n\n<h4 class=\"wp-block-heading\">Inhalt des Online Angebotes<\/h4>\n\n\n\n<p>Der Autor \u00fcbernimmt keinerlei Gew\u00e4hr f\u00fcr die Aktualit\u00e4t, Korrektheit, Vollst\u00e4ndigkeit oder Qualit\u00e4t der bereitgestellten Informationen. Haftungsanspr\u00fcche gegen den Autor, welche sich auf Sch\u00e4den materieller oder ideeller Art beziehen, die durch die Nutzung oder Nichtnutzung der dargebotenen Informationen bzw. durch die Nutzung fehlerhafter und unvollst\u00e4ndiger Informationen verursacht wurden, sind grunds\u00e4tzlich ausgeschlossen, sofern seitens des Autors kein nachweislich vors\u00e4tzliches oder grob fahrl\u00e4ssiges Verschulden vorliegt. Alle Angebote sind freibleibend und unverbindlich. Der Autor beh\u00e4lt es sich ausdr\u00fccklich vor, Teile der Seiten oder das gesamte Angebot ohne gesonderte Ank\u00fcndigung zu<br>ver\u00e4ndern, zu erg\u00e4nzen, zu l\u00f6schen oder die Ver\u00f64entlichung zeitweise oder endg\u00fcltig einzustellen.<\/p>\n\n\n\n<h4 class=\"wp-block-heading\">Urheber- und Kennzeichenrecht<\/h4>\n\n\n\n<p>Der Autor ist bestrebt, in allen Publikationen die Urheberrechte der verwendeten Bilder, Grafiken, Tondokumente, Videosequenzen und Texte zu beachten, von ihm selbst erstellte Bilder, Grafiken, Tondokumente, Videosequenzen und Texte zu nutzen oder auf gekaufte oder lizenzfreie Grafiken, Tondokumente, Videosequenzen und Texte zur\u00fcckzugreifen. Alle innerhalb des Internetangebotes genannten und ggf. durch Dritte gesch\u00fctzten Marken- und Warenzeichen unterliegen uneingeschr\u00e4nkt den Bestimmungen des jeweils g\u00fcltigen Kennzeichenrechts und den Besitzrechten der jeweiligen eingetragenen Eigent\u00fcmer. Allein aufgrund der blo\u00dfen Nennung ist nicht der Schluss zu ziehen, dass Markenzeichen nicht durch Rechte Dritter gesch\u00fctzt sind! Das Copyright f\u00fcr ver\u00f6ffentlichte, vom Autor selbst erstellte Objekte bleibt allein beim Autor der Seiten. Eine Vervielf\u00e4ltigung oder Verwendung solcher Grafiken, Tondokumente, Videosequenzen und Texte in anderen elektronischen oder gedruckten Publikationen ist ohne ausdr\u00fcckliche Zustimmung des Autors nicht gestattet.<\/p>\n\n\n\n<h4 class=\"wp-block-heading\">Rechtswirksamkeit dieses Haftungsausschlusses<\/h4>\n\n\n\n<p>Dieser Haftungsausschluss ist als Teil des Internetangebotes zu betrachten, von dem aus auf diese Seite verwiesen wurde. Sofern Teile oder einzelne Formulierungen dieses Textes der geltenden Rechtslage nicht, nicht mehr oder nicht vollst\u00e4ndig entsprechen sollten, bleiben die \u00fcbrigen Teile des Dokumentes in ihrem Inhalt und ihrer G\u00fcltigkeit davon unber\u00fchrt.<\/p>\n","protected":false},"excerpt":{"rendered":"<p>Der Schutz Ihrer pers\u00f6nlichen Daten ist mir ein besonderes Anliegen. Ich verarbeiten Ihre Daten daher ausschlie\u00dflich auf Grundlage der gesetzlichen Bestimmungen (DSGVO, TKG 2003). In dieser Datenschutzerkl\u00e4rung informiere ich Sie \u00fcber die wichtigsten Aspekte der Datenverarbeitung im Rahmen meiner Website. Kontakt mit mir Wenn Sie per Formular auf der Website oder per E-Mail Kontakt mit&#8230;<\/p>\n","protected":false},"author":1,"featured_media":0,"parent":0,"menu_order":7,"comment_status":"closed","ping_status":"closed","template":"","meta":[],"_links":{"self":[{"href":"https:\/\/mctague.at\/de\/wp-json\/wp\/v2\/pages\/959"}],"collection":[{"href":"https:\/\/mctague.at\/de\/wp-json\/wp\/v2\/pages"}],"about":[{"href":"https:\/\/mctague.at\/de\/wp-json\/wp\/v2\/types\/page"}],"author":[{"embeddable":true,"href":"https:\/\/mctague.at\/de\/wp-json\/wp\/v2\/users\/1"}],"replies":[{"embeddable":true,"href":"https:\/\/mctague.at\/de\/wp-json\/wp\/v2\/comments?post=959"}],"version-history":[{"count":6,"href":"https:\/\/mctague.at\/de\/wp-json\/wp\/v2\/pages\/959\/revisions"}],"predecessor-version":[{"id":1084,"href":"https:\/\/mctague.at\/de\/wp-json\/wp\/v2\/pages\/959\/revisions\/1084"}],"wp:attachment":[{"href":"https:\/\/mctague.at\/de\/wp-json\/wp\/v2\/media?parent=959"}],"curies":[{"name":"wp","href":"https:\/\/api.w.org\/{rel}","templated":true}]}}