{"id":126,"date":"2017-03-21T13:03:20","date_gmt":"2017-03-21T13:03:20","guid":{"rendered":"https:\/\/mctague.at\/about-me\/"},"modified":"2023-09-01T07:26:59","modified_gmt":"2023-09-01T07:26:59","slug":"ueber-mich","status":"publish","type":"page","link":"https:\/\/mctague.at\/de\/ueber-mich\/","title":{"rendered":"\u00dcber Mich"},"content":{"rendered":"<p><span class=\"ng-directive ng-binding\">2005 absolvierte ich mein Studium an der Georgian Court University (USA) und erhielt meinen \u00abBachelor in Fine Arts\u00bb. Seitdem bin ich als Grafikerin t\u00e4tig. Nach \u00fcber 13 Jahren beruflicher Erfahrung in verschiedenen Unternehmen gr\u00fcndete ich 2017 mein kleines Kreativstudio. Das Studium der bildenden K\u00fcnste lehrte mich neben Aufmerksamkeit und Beobachtung vor allem ein Gesp\u00fcr f\u00fcr Aufbau, Struktur, Harmonie und Gestalt. Grafikdesign ist eine Form der Kunst und Kunst ist immer subjektiv. Es erfordert Mut, sich mitzuteilen, Aufgeschlossenheit, um Feedback zu erhalten und Ausdauer, um etwas zu bewegen. Diese Erfahrungen haben auch meine Herangehensweise auf einer pers\u00f6nlichen Ebene gepr\u00e4gt.<br \/>\n<\/span><\/p>\n<h3 class=\"paragraph ng-attr-widget\">Warum Sie sich gerade f\u00fcr mich entscheiden sollten?<\/h3>\n<p class=\"paragraph ng-attr-widget\">Weil Sie ma\u00dfgeschneiderte Designl\u00f6sungen und Produkte erhalten, in denen sich Ihre Idee widerspiegelt und die Botschaft ihre Zielgruppe erreicht. Mit einem internationalen Kundenstamm, der sich \u00fcber mehrere Branchen erstreckt, lerne ich st\u00e4ndig dazu und bleibe am Puls der Zeit. <span class=\"ng-directive ng-binding\">Als Grafikerin verstehe ich mich als Vermittlerin von Ideen und Gedanken in visueller Form. In meiner Arbeit lege ich Wert darauf, die Essenz des zu kommunizierenden Inhaltes unkonventionell herauszuarbeiten. Somit gebe ich der Information Ihrer Mitteilung Form und Farbe und verleihe Ihren Ideen einen charakteristischen, unverwechselbaren Ausdruck.<\/span><\/p>\n<p class=\"paragraph ng-attr-widget\">Ob ich die richtige Projektpartnerin f\u00fcr Sie bin, das entscheiden Sie. Werfen Sie dazu einen Blick auf mein Portfolio. Ich freue mich auf Ihre <a href=\"https:\/\/mctague.at\/contact-me\/\" target=\"_blank\" rel=\"noopener\">Nachricht<\/a>.<\/p>\n<p>&nbsp;<\/p>\n\r\n\t<div class=\"IconText\">\r\n\r\n\t\r\n\t\t<div class=\"icon-text-item\">\r\n\t\t\t<i class=\"icon-trophy\"><\/i>\r\n\t\t\t<span>Bachelor in Fine Arts<\/span>\r\n\t\t<\/div>\r\n\r\n\t\r\n\t\t<div class=\"icon-text-item\">\r\n\t\t\t<i class=\"icon-edit\"><\/i>\r\n\t\t\t<span>Graphic Artist<\/span>\r\n\t\t<\/div>\r\n\r\n\t\r\n\t\t<div class=\"icon-text-item\">\r\n\t\t\t<i class=\"icon-gears\"><\/i>\r\n\t\t\t<span>Kreativstudio<\/span>\r\n\t\t<\/div>\r\n\r\n\t\r\n\t\t<div class=\"icon-text-item\">\r\n\t\t\t<i class=\"icon-pricetags\"><\/i>\r\n\t\t\t<span>Deutsch \/ Englisch<\/span>\r\n\t\t<\/div>\r\n\r\n\t\r\n\t<\/div><!-- end IconText -->\r\n\n","protected":false},"excerpt":{"rendered":"<p>2005 absolvierte ich mein Studium an der Georgian Court University (USA) und erhielt meinen \u00abBachelor in Fine Arts\u00bb. Seitdem bin ich als Grafikerin t\u00e4tig. Nach \u00fcber 13 Jahren beruflicher Erfahrung in verschiedenen Unternehmen gr\u00fcndete ich 2017 mein kleines Kreativstudio. Das Studium der bildenden K\u00fcnste lehrte mich neben Aufmerksamkeit und Beobachtung vor allem ein Gesp\u00fcr f\u00fcr&#8230;<\/p>\n","protected":false},"author":1,"featured_media":0,"parent":0,"menu_order":4,"comment_status":"closed","ping_status":"closed","template":"template-background-segments.php","meta":[],"_links":{"self":[{"href":"https:\/\/mctague.at\/de\/wp-json\/wp\/v2\/pages\/126"}],"collection":[{"href":"https:\/\/mctague.at\/de\/wp-json\/wp\/v2\/pages"}],"about":[{"href":"https:\/\/mctague.at\/de\/wp-json\/wp\/v2\/types\/page"}],"author":[{"embeddable":true,"href":"https:\/\/mctague.at\/de\/wp-json\/wp\/v2\/users\/1"}],"replies":[{"embeddable":true,"href":"https:\/\/mctague.at\/de\/wp-json\/wp\/v2\/comments?post=126"}],"version-history":[{"count":25,"href":"https:\/\/mctague.at\/de\/wp-json\/wp\/v2\/pages\/126\/revisions"}],"predecessor-version":[{"id":1068,"href":"https:\/\/mctague.at\/de\/wp-json\/wp\/v2\/pages\/126\/revisions\/1068"}],"wp:attachment":[{"href":"https:\/\/mctague.at\/de\/wp-json\/wp\/v2\/media?parent=126"}],"curies":[{"name":"wp","href":"https:\/\/api.w.org\/{rel}","templated":true}]}}